{"id":10,"date":"2022-08-08T15:03:46","date_gmt":"2022-08-08T13:03:46","guid":{"rendered":"http:\/\/muzeummuzyczne.pl\/?page_id=10"},"modified":"2022-08-08T15:52:05","modified_gmt":"2022-08-08T13:52:05","slug":"informacje","status":"publish","type":"page","link":"http:\/\/muzeummuzyczne.pl\/?page_id=10","title":{"rendered":"Statut fundacji"},"content":{"rendered":"\n<p>STATUT<br>Fundacja Muzeum Muzyczne w Radomiu<br>Rozdzia\u0142 I<br>Postanowienia og\u00f3lne<br>\u00a71. 1. Fundacja pod nazw\u0105 \u201eMuzeum Muzyczne w Radomiu\u201d, zwana dalej \u201eFundacj\u0105\u201d, zosta\u0142a ustanowiona przez Rados\u0142awa Zbigniewa Tomczy\u0144skiego zwan\u0105 dalej \u201eFundatorem\u201d aktem notarialnym REPERTORIUM A NR 2506\/2022 sporz\u0105dzonym przez notariusza Jakuba Dziwa\u0144skiego w dniu 19.05.2022 roku. 2. Fundacja dzia\u0142a na podstawie ustawy z dnia 6 kwietnia 1984 r. (Dz. U. Z 2020 r. poz. 2167), oraz postanowie\u0144 niniejszego statutu.<br>\u00a72. 1. Fundacja posiada osobowo\u015b\u0107 prawn\u0105. 2. Siedzib\u0105 Fundacji jest miasto Radom . 3. Fundacja zostaje ustanowiona na czas nieokre\u015blony.<br>\u00a73. Nadz\u00f3r nad Fundacj\u0105 sprawuje minister w\u0142a\u015bciwy ds. kultury i dziedzictwa narodowego.<br>\u00a74. 1. Terenem dzia\u0142alno\u015bci Fundacji jest obszar Rzeczpospolitej Polskiej, przy czym w zakresie niezb\u0119dnym dla w\u0142a\u015bciwego realizowania cel\u00f3w mo\u017ce ona prowadzi\u0107 dzia\u0142alno\u015b\u0107 tak\u017ce poza granicami Rzeczpospolitej Polskiej. 2. Fundacja mo\u017ce tworzy\u0107 szko\u0142y, o\u015brodki, biura, oddzia\u0142y, zak\u0142ady, filie, a tak\u017ce przyst\u0119powa\u0107 do sp\u00f3\u0142ek i innych podmiot\u00f3w prawa.<br>\u00a75. Fundacja mo\u017ce ustanawia\u0107 certyfikaty, odznaki, medale honorowe i przyznawa\u0107 je wraz z innymi nagrodami i wyr\u00f3\u017cnieniami, osobom fizycznym i prawnym zas\u0142u\u017conym dla Fundacji.<br>\u00a76. 1. Fundacja mo\u017ce u\u017cywa\u0107 piecz\u0119ci z danymi identyfikuj\u0105cymi Fundacj\u0119. 2. Fundacja mo\u017ce u\u017cywa\u0107 skr\u00f3tu swojej nazwy i wyr\u00f3\u017cniaj\u0105cego j\u0105 znaku graficznego oraz odpowiednik\u00f3w tej nazwy w j\u0119zykach obcych.<br>Rozdzia\u0142 II<br>Cele i zasady dzia\u0142ania Fundacji<br>\u00a77.<br>1. Stworzenie i dzia\u0142alno\u015b\u0107 Muzeum Muzycznego w Radomiu \u2013 gromadzenie, renowacja i wystawy instrument\u00f3w muzycznych, sprz\u0119tu muzycznego i akcesori\u00f3w muzycznych.<br>2. Pomoc materialna i niematerialna dla os\u00f3b uzdolnionych muzycznie maj\u0105ca na celu ich edukacj\u0119 i rozw\u00f3j w dziedzinie muzyki. 3. Wspieranie wszechstronnego rozwoju i integracji spo\u0142ecze\u0144stwa, a zw\u0142aszcza podejmowanie inicjatyw w obszarach: kultury i sztuki, nauki, wizerunku osobistego, o\u015bwiaty, edukacji i wychowania, praw cz\u0142owieka, ochrony zdrowia, rozwoju regionalnego i lokalnego, w zakresie pomocy spo\u0142ecznej, dobroczynno\u015bci, kultury fizycznej i sportu oraz rozwoju osobistego.<br>\u00a78. Fundacja realizuje swoje cele poprzez: 1. Organizacj\u0119 wystaw i prezentacji instrument\u00f3w muzycznych, sprz\u0119tu muzycznego i akcesori\u00f3w muzycznych w celach edukacji spo\u0142ecze\u0144stwa. 2. organizowanie imprez maj\u0105cych na celu integracj\u0119 \u015brodowiska, prowadzenie zaj\u0119\u0107 artystycznych i integracyjnych, w tym warsztat\u00f3w, zaj\u0119\u0107 plenerowych, pokaz\u00f3w, 3. organizowanie i prowadzenie szkole\u0144 oraz sta\u017cy krajowych i zagranicznych podnosz\u0105cych kwalifikacje wolontariuszy, przedstawicieli organizacji pozarz\u0105dowych, instytucji publicznych i inicjatyw spo\u0142ecznych oraz przedstawicieli biznesu, 4. organizowanie i udzia\u0142 w spotkaniach, konferencjach, kongresach, uroczysto\u015bciach i seminariach o zasi\u0119gu krajowym i mi\u0119dzynarodowym, 5. prowadzenie dzia\u0142alno\u015bci wydawniczej i informacyjnej, 6. tworzenie i wdra\u017canie program\u00f3w i projekt\u00f3w zgodnych z celami Fundacji, 7. organizacj\u0119 festiwali, happening\u00f3w, festyn\u00f3w i innych wydarze\u0144 zwi\u0105zanych z celami statutowymi fundacji, 8. promocj\u0119 i organizowanie wolontariatu, 9. organizacj\u0119, prowadzenie oraz wspieranie wszelkich form edukacji, w tym szk\u00f3\u0142, kurs\u00f3w, szkole\u0144, konferencji, wystaw, pokaz\u00f3w, przestawie\u0144, zaj\u0119\u0107 artystycznych i tematycznych dla dzieci, m\u0142odzie\u017cy i doros\u0142ych, 10. organizacj\u0119 szkole\u0144, spotka\u0144, kurs\u00f3w, seminari\u00f3w, konferencji, wystaw, pokaz\u00f3w, przedstawie\u0144, w tym w szczeg\u00f3lno\u015bci artystycznych, 11. organizacj\u0119 kampanii informacyjnych, promocyjnych oraz spo\u0142ecznych w obszarach obj\u0119tych celami statutowymi Fundacji, 12. tworzenie i przyst\u0119powanie do partnerstw zrzeszaj\u0105cych organizacje pozarz\u0105dowe i inne instytucje publiczne i prywatne, podejmuj\u0105ce dzia\u0142ania w obszarze zbie\u017cnym z dzia\u0142alno\u015bci\u0105 Fundacji, 13. wsp\u00f3\u0142prac\u0119 z organizacjami administracji samorz\u0105dowej i pa\u0144stwowej, organami prawnymi i fizycznymi, w tym podejmowanie stara\u0144 o pozyskanie pomocy rzeczowej i finansowej na realizowane dzia\u0142ania, w tym pozyskiwanie dofinansowa\u0144 i dotacji na realizacj\u0119 cel\u00f3w statutowych, 14. obejmowanie patronatem i udzia\u0142 w przedsi\u0119wzi\u0119ciach zbie\u017cnych z celami statutowymi Fundacji. 15. wsp\u00f3\u0142prac\u0119 z mediami, w\u0142adzami pa\u0144stwowymi i lokalnymi, organizacjami spo\u0142ecznymi, instytucjami edukacyjnymi oraz przedsi\u0119biorcami d\u0105\u017c\u0105cymi do realizacji cel\u00f3w statutowych Fundacji, 16. podejmowanie dzia\u0142a\u0144 na rzecz rozwoju spo\u0142eczno\u015bci i wsp\u00f3lnot lokalnych, organizacji pozarz\u0105dowych oraz innych instytucji dzia\u0142aj\u0105cych na rzecz dobra publicznego, 17. organizowanie zaj\u0119\u0107 edukacyjnych dla dzieci i m\u0142odzie\u017cy oraz szkole\u0144 dla os\u00f3b doros\u0142ych, a tak\u017ce organizowanie spotka\u0144, imprez, konkurs\u00f3w, zawod\u00f3w tanecznych itp. 18. edukacyjna dzia\u0142alno\u015b\u0107 wydawnicza, 19. organizowanie pracy charytatywnej wolontariuszy we wsp\u00f3\u0142pracy z organizacjami krajowymi i zagranicznymi, 20. organizowanie pokaz\u00f3w tanecznych, koncert\u00f3w, spektakli teatralnych i innych form promocji kultury, 21. inicjowanie oraz pozyskiwanie pomocy finansowej i rzeczowej na dzia\u0142ania zgodne z celami Fundacji, 22. wspieranie inicjatyw obywatelskich i organizacji pozarz\u0105dowych dzia\u0142aj\u0105cych na rzecz wychowania artystycznego dzieci i m\u0142odzie\u017cy, 23. dzia\u0142alno\u015b\u0107 kulturaln\u0105, sportow\u0105 i rekreacyjn\u0105, 24. aktywizowanie wsp\u00f3lnot oraz spo\u0142eczno\u015bci lokalnych wok\u00f3\u0142 cel\u00f3w Fundacji, 25. realizacj\u0119 zada\u0144 publicznych w zakresie zgodnym z celami Fundacji, 26. dzia\u0142alno\u015b\u0107 na rzecz integracji i reintegracji zawodowej i spo\u0142ecznej os\u00f3b zagro\u017conych wykluczeniem spo\u0142ecznym. 27. inicjowanie i wspieranie dzia\u0142a\u0144 na rzecz rozwoju obszar\u00f3w wiejskich i miejskich 28. zbieranie, udost\u0119pnianie i rozpowszechnianie informacji zgodnych z celami Fundacji,<br>\u00a79. 1. Do realizacji cel\u00f3w statutowych Fundacja mo\u017ce zatrudnia\u0107 pracownik\u00f3w, zawiera\u0107 umowy cywilno-prawne, jak i wsp\u00f3\u0142pracowa\u0107 z wszelkimi podmiotami (osobami fizycznymi, osobami prawnymi, jednostkami organizacyjnymi niemaj\u0105cymi osobowo\u015bci prawnej, kt\u00f3rym ustawa przyznaje zdolno\u015b\u0107 prawn\u0105) na dopuszczalnych przez prawo podstawach. 2. Fundacja mo\u017ce zatrudnia\u0107 osoby wchodz\u0105ce w sk\u0142ad Zarz\u0105du Fundacji i Fundator\u00f3w. 3. Realizacja cel\u00f3w statutowych Fundacji mo\u017ce by\u0107 prowadzona we wsp\u00f3\u0142pracy z innymi podmiotami, zar\u00f3wno krajowymi jak i zagranicznymi, w tym poprzez wspieranie przez Fundacj\u0119 organizacji po\u017cytku publicznego. 4. Fundacja do realizacji cel\u00f3w statutowych mo\u017ce przyst\u0119powa\u0107 do porozumie\u0144, klastr\u00f3w, partnerstw, federacji oraz innych form zrzeszania organizacji pozarz\u0105dowych i innych os\u00f3b prawnych, 5. Fundacja do realizacji cel\u00f3w statutowych mo\u017ce korzysta\u0107 ze \u015bwiadcze\u0144 spe\u0142nianych przez wolontariuszy, zgodnie z ustaw\u0105 z dnia 24 kwietnia 2003 r. o dzia\u0142alno\u015bci po\u017cytku publicznego i o wolontariacie.<br>Rozdzia\u0142 III<br>Maj\u0105tek i dochody fundacji<br>\u00a710.<br>Maj\u0105tek Fundacji stanowi fundusz za\u0142o\u017cycielski w kwocie 2 000,00 z\u0142 (dwa tysi\u0105ce z\u0142otych) z czego 1000 z\u0142<br>(tysi\u0105c z\u0142otych) jest przeznaczone na dzia\u0142alno\u015b\u0107 gospodarcz\u0105, oraz inne mienie nabyte przez Fundacj\u0119 w<br>toku dzia\u0142ania oraz \u015brodki finansowe, nieruchomo\u015bci i ruchomo\u015bci nabyte przez Fundacj\u0119 w toku jej<br>dzia\u0142ania.<br>\u00a711. Sk\u0142adnikami maj\u0105tkowymi na realizacj\u0119 cel\u00f3w Fundacji s\u0105 dochody Fundacji, kt\u00f3re mog\u0105 pochodzi\u0107 z: 1. funduszu za\u0142o\u017cycielskiego i darowizn Fundatora, 2. dochod\u00f3w z nieodp\u0142atnej oraz odp\u0142atnej dzia\u0142alno\u015bci statutowej, 3. krajowych i zagranicznych darowizn, spadk\u00f3w i zapis\u00f3w, 4. dotacji i subwencji os\u00f3b prawnych, w tym dotacji instytucji publicznych, 5. dochod\u00f3w z aktyw\u00f3w, nieruchomo\u015bci oraz praw maj\u0105tkowych, w szczeg\u00f3lno\u015bci papier\u00f3w warto\u015bciowych i innych instrument\u00f3w finansowych dost\u0119pnych na rynku kapita\u0142owym, 6. dochod\u00f3w z dar\u00f3w, zbi\u00f3rek, i imprez publicznych, prowadzonych przez Fundacj\u0119 i\/lub przy udziale innych os\u00f3b, 7. odsetek i depozyt\u00f3w bankowych, 8. sponsoringu, 9. nawi\u0105zek, 10. dzia\u0142alno\u015bci gospodarczej.<br>\u00a712.<br>1. Dochody pochodz\u0105ce z dotacji, subwencji, darowizn, spadk\u00f3w i zapis\u00f3w mog\u0105 by\u0107 u\u017cyte na<br>realizacj\u0119 cel\u00f3w Fundacji tylko z poszanowaniem woli spadkobierc\u00f3w lub donator\u00f3w.<br>2. Darczy\u0144ca, przekazuj\u0105c Fundacji \u015brodki maj\u0105tkowe, mo\u017ce zastrzec, \u017ce \u015brodki te maj\u0105 by\u0107<br>przeznaczone na okre\u015blony rodzaj dzia\u0142alno\u015bci Fundacji. Zarz\u0105d Fundacji mo\u017ce nie przyj\u0105\u0107 tego<br>warunku. W takim wypadku Fundacja zwraca darczy\u0144cy przekazane przez niego \u015brodki.<br>3. Je\u017celi przekazaniu \u015brodk\u00f3w nie towarzyszy okre\u015blenie celu ich wykorzystania, Fundacja mo\u017ce<br>przeznaczy\u0107 je na dowolny cel statutowy.<br>\u00a713. 1. Dzia\u0142alno\u015b\u0107 statutowa mo\u017ce by\u0107 prowadzona jako dzia\u0142alno\u015b\u0107 nieodp\u0142atna lub dzia\u0142alno\u015b\u0107 odp\u0142atna w rozumieniu przepis\u00f3w ustawy o dzia\u0142alno\u015bci po\u017cytku publicznego i o wolontariacie. Obie te formy dzia\u0142alno\u015bci b\u0119d\u0105 rachunkowo wyodr\u0119bnione w stopniu umo\u017cliwiaj\u0105cym okre\u015blenie przychod\u00f3w, koszt\u00f3w i wynik\u00f3w przy uwzgl\u0119dnieniu przepis\u00f3w dotycz\u0105cych rachunkowo\u015bci. 2. Przedmiot dzia\u0142alno\u015bci nieodp\u0142atnej i odp\u0142atnej okre\u015bla Zarz\u0105d w drodze uchwa\u0142y. 3. W przypadku podj\u0119cia przez Fundacj\u0119 dzia\u0142alno\u015bci gospodarczej \u2013 co dopuszcza niniejszy statut \u2013 dzia\u0142alno\u015b\u0107 gospodarcza b\u0119dzie jedynie charakter dodatkowy w stosunku do dzia\u0142alno\u015bci statutowej, kt\u00f3rej celem nadrz\u0119dnym jest prowadzenie dzia\u0142alno\u015bci po\u017cytku publicznego. 4. W przypadku prowadzenia odp\u0142atnej dzia\u0142alno\u015bci po\u017cytku publicznego r\u00f3wnolegle z dzia\u0142alno\u015bci\u0105 gospodarcz\u0105 zakres tych dzia\u0142alno\u015bci nie mo\u017ce si\u0119 pokrywa\u0107. 5. Doch\u00f3d z odp\u0142atnej dzia\u0142alno\u015bci po\u017cytku publicznego s\u0142u\u017cy wy\u0142\u0105cznie realizacji zada\u0144 nale\u017c\u0105cych do cel\u00f3w statutowych Fundacji. 6. Przeci\u0119tne miesi\u0119czne wynagrodzenie os\u00f3b fizycznych z tytu\u0142u zatrudnienia przy wykonywaniu statutowej dzia\u0142alno\u015bci odp\u0142atnej po\u017cytku publicznego nie mo\u017ce przekracza\u0107 3-krotno\u015bci przeci\u0119tnego miesi\u0119cznego wynagrodzenia w sektorze przedsi\u0119biorstw og\u0142oszonego przez Prezesa G\u0142\u00f3wnego Urz\u0119du Statystycznego za rok poprzedni.<br>\u00a714.<br>1. Fundacja mo\u017ce prowadzi\u0107 dzia\u0142alno\u015b\u0107 gospodarcz\u0105 na og\u00f3lnych zasadach, okre\u015blonych w odr\u0119bnych<br>przepisach i rozmiarach s\u0142u\u017c\u0105cych realizacji cel\u00f3w statutowych.<br>2. Doch\u00f3d z dzia\u0142alno\u015bci gospodarczej przeznaczany b\u0119dzie na realizacj\u0119 cel\u00f3w statutowych Fundacji.<br>3. Fundacja prowadzi dzia\u0142alno\u015b\u0107 gospodarcz\u0105, w zakresie:<br>a. Sprzeda\u017c detaliczna mebli, sprz\u0119tu o\u015bwietleniowego i pozosta\u0142ych artyku\u0142\u00f3w u\u017cytku domowego<br>prowadzona w wyspecjalizowanych sklepach \u2013 47.59.Z \u2013 dzia\u0142alno\u015b\u0107 wiod\u0105ca<br>b. Sprzeda\u017c detaliczna sprz\u0119tu audiowizualnego prowadzona w wyspecjalizowanych sklepach \u2013<br>47.43.Z<br>c. Sprzeda\u017c detaliczna artyku\u0142\u00f3w u\u017cywanych prowadzona w wyspecjalizowanych sklepach \u2013<br>47.79.Z<br>d. Sprzeda\u017c hurtowa pozosta\u0142ych artyku\u0142\u00f3w u\u017cytku domowego \u2013 46.49.Z<br>e. Pozosta\u0142a sprzeda\u017c detaliczna prowadzona w niewyspecjalizowanych sklepach \u2013 47.19.Z<br>f. Sprzeda\u017c detaliczna prowadzona przez domy sprzeda\u017cy wysy\u0142kowej lub Internet &#8211; 47.81.Z<br>g. Wypo\u017cyczanie i dzier\u017cawa pozosta\u0142ych artyku\u0142\u00f3w u\u017cytku osobistego i domowego \u2013 77.29.Z<br>h. Wynajem i dzier\u017cawa pozosta\u0142ych maszyn, urz\u0105dze\u0144 oraz d\u00f3br materialnych, gdzie indziej<br>niesklasyfikowane \u2013 77.39.Z<br>i. Dzia\u0142alno\u015b\u0107 zwi\u0105zana z wystawianiem przedstawie\u0144 artystycznych \u2013 90.01.Z<br>j. Dzia\u0142alno\u015b\u0107 wspomagaj\u0105ca wystawianie przedstawie\u0144 artystycznych \u2013 90.02.Z<br>\u00a715. Fundacja nie mo\u017ce: a) udziela\u0107 po\u017cyczek lub zabezpieczenia zobowi\u0105za\u0144 maj\u0105tkiem Fundacji w stosunku do cz\u0142onk\u00f3w organ\u00f3w lub pracownik\u00f3w oaz os\u00f3b, z kt\u00f3rymi pracownicy pozostaj\u0105 w zwi\u0105zku ma\u0142\u017ce\u0144skim albo w stosunku pokrewie\u0144stwa lub powinowactwa w linii prostej, pokrewie\u0144stwa lub powinowactwa w linii bocznej do drugiego stopnia b\u0105d\u017a s\u0105 zwi\u0105zani z tytu\u0142u przysposobienia, opieki lub kurateli, zwanych dalej \u201eosobami bliskimi\u201d, b) przekazywa\u0107 maj\u0105tku Fundacji na rzecz cz\u0142onk\u00f3w organ\u00f3w lub pracownik\u00f3w oraz ich os\u00f3b bliskich, na zasadach innych ni\u017c w stosunku do os\u00f3b trzecich, w szczeg\u00f3lno\u015bci je\u017celi przekazanie to nast\u0119puje bezp\u0142atnie lub na preferencyjnych warunkach, c) wykorzystywa\u0107 maj\u0105tku Fundacji na rzecz cz\u0142onk\u00f3w, cz\u0142onk\u00f3w organ\u00f3w lub pracownik\u00f3w oraz ich os\u00f3b bliskich na zasadach innych ni\u017c w stosunku do os\u00f3b trzecich, chyba, \u017ce to wykorzystanie wynika bezpo\u015brednio z celu statutowego, d) kupowa\u0107 towar\u00f3w lub us\u0142ug od podmiot\u00f3w, w kt\u00f3rych uczestnicz\u0105 cz\u0142onkowie jej organ\u00f3w lub pracownicy oraz ich os\u00f3b bliskich na zasadach innych ni\u017c w stosunku do os\u00f3b trzecich lub po cenach wy\u017cszych ni\u017c rynkowe.<br>Rozdzia\u0142 IV<br>W\u0142adze Fundacji<br>\u00a7 16. W\u0142adz\u0105 Fundacji jest Zarz\u0105d Fundacji, zwany dalej Zarz\u0105dem.<br>\u00a7 17. 1. Zarz\u0105d kieruje dzia\u0142alno\u015bci\u0105 Fundacji i reprezentuje j\u0105 na zewn\u0105trz. 2. Zarz\u0105d sk\u0142ada si\u0119 z jednej do pi\u0119ciu os\u00f3b, powo\u0142ywanych ka\u017cdorazowo przez Fundatora na 5- letni\u0105 kadencj\u0119. 3. W przypadku Zarz\u0105du jednoosobowego, sk\u0142ada si\u0119 on z Prezesa Zarz\u0105du. W przypadku Zarz\u0105du wieloosobowego, w jego sk\u0142ad opr\u00f3cz Prezesa Zarz\u0105du, wchodzi jeden Wiceprezes Zarz\u0105du. 4. Funkcj\u0119 cz\u0142onka Zarz\u0105du mo\u017cna pe\u0142ni\u0107 przez wi\u0119cej ni\u017c jedn\u0105 kadencj\u0119. 5. Cz\u0142onkami Zarz\u0105du nie mog\u0105 by\u0107 osoby skazane prawomocnym wyrokiem za przest\u0119pstwo umy\u015blne \u015bcigane z oskar\u017cenia publicznego lub przest\u0119pstwa skarbowe. 6. Cz\u0142onkostwo w Zarz\u0105dzie ustaje na skutek: a) z\u0142o\u017cenia pisemnej rezygnacji, b) utraty praw obywatelskich na skutek skazania prawomocnym wyrokiem s\u0105du za przest\u0119pstwo pope\u0142nione z winy umy\u015blnej, c) \u015bmierci cz\u0142onka Zarz\u0105du, d) odwo\u0142ania przez Fundatora. 7. Zarz\u0105d w ca\u0142o\u015bci lub jego poszczeg\u00f3lni cz\u0142onkowie mog\u0105 zosta\u0107 odwo\u0142ani przez Fundatora, tak\u017ce przed up\u0142ywem kadencji. 8. W przypadku \u015bmierci Fundatora lub utraty przez niech praw obywatelskich, wszelkie ich kompetencje przechodz\u0105 z mocy statutu na Zarz\u0105d. 9. Zarz\u0105d co roku zobowi\u0105zany jest sporz\u0105dzi\u0107 sprawozdanie finansowe i merytoryczne za rok ubieg\u0142y w terminach okre\u015blonych odr\u0119bnymi przepisami. 10. Do zada\u0144 Zarz\u0105du nale\u017cy w szczeg\u00f3lno\u015bci: a) uchwalanie rocznych plan\u00f3w dzia\u0142ania Fundacji i plan\u00f3w finansowych, b) uchwalanie regulamin\u00f3w, c) podejmowanie decyzji o powo\u0142ywaniu oddzia\u0142\u00f3w, zak\u0142ad\u00f3w, filii i przedstawicielstw Fundacji oraz po\u0142\u0105czeniu lub likwidacji Fundacji, d) sprawowanie zarz\u0105du nad maj\u0105tkiem Fundacji, e) przyjmowanie darowizn, spadk\u00f3w i subwencji, ustalanie wielko\u015bci zatrudnienia i wysoko\u015bci wynagrodzenia pracownik\u00f3w Fundacji, f) podejmowanie decyzji we wszystkich sprawach zwi\u0105zanych z dzia\u0142alno\u015bci\u0105 Fundacji. 11. Zarz\u0105d ponosi odpowiedzialno\u015b\u0107 za w\u0142a\u015bciwe finansowanie dzia\u0142alno\u015bci statutowej Fundacji, w tym tak\u017ce za odpowiednie lokowanie jej \u015brodk\u00f3w maj\u0105tkowych, zapewniaj\u0105cych trwa\u0142o\u015b\u0107 maj\u0105tku Fundacji. 12. Zarz\u0105d podejmuje decyzje na posiedzeniach lub drog\u0105 obiegow\u0105 przy wykorzystaniu \u015brodk\u00f3w elektronicznych, w formie uchwa\u0142 \u2013 zwyk\u0142\u0105 wi\u0119kszo\u015bci\u0105 g\u0142os\u00f3w, w obecno\u015bci co najmniej po\u0142owy cz\u0142onk\u00f3w Zarz\u0105du. W przypadku r\u00f3wnej ilo\u015bci g\u0142os\u00f3w decyduje g\u0142os Prezesa Zarz\u0105du. 13. Posiedzenia zwo\u0142uje Prezes Zarz\u0105du przesy\u0142aj\u0105c informacj\u0119 o terminie poczt\u0105 elektroniczn\u0105, wiadomo\u015bci\u0105 SMS lub w inny skuteczny spos\u00f3b na co najmniej 3 dni przed planowanym terminem posiedzenia. O posiedzeniu musz\u0105 zosta\u0107 poinformowani wszyscy cz\u0142onkowie Zarz\u0105du. 14. Posiedzenia Zarz\u0105du odbywaj\u0105 si\u0119 w miar\u0119 potrzeby, nie rzadziej jednak ni\u017c raz na rok. 15. Z posiedzenia Zarz\u0105du sporz\u0105dza si\u0119 protok\u00f3\u0142, kt\u00f3ry podpisuj\u0105 wszyscy uczestnicz\u0105cy w posiedzeniu cz\u0142onkowie Zarz\u0105du. 16. Zarz\u0105d mo\u017ce powo\u0142a\u0107 pe\u0142nomocnik\u00f3w do kierowania wyodr\u0119bnion\u0105 sfer\u0105 spraw nale\u017c\u0105cych do zada\u0144 Fundacji. 17. Cz\u0142onkowie Zarz\u0105du mog\u0105 otrzymywa\u0107 wynagrodzenia z tytu\u0142u pe\u0142nienia swoich funkcji. 18. Cz\u0142onkowie Zarz\u0105du mog\u0105 otrzymywa\u0107 wynagrodzenie z tytu\u0142u zatrudnienia na podstawie umowy o prac\u0119, umowy cywilnoprawnej lub innego stosunku prawnego. Umow\u0119 z cz\u0142onkiem Zarz\u0105du zawiera inny cz\u0142onek Zarz\u0105du.<br>\u00a7 18. 1. Fundacja mo\u017ce powo\u0142a\u0107 Rad\u0119 Fundacji. 2. Rada Fundacji jest organem kontrolnym i opiniuj\u0105cym Fundacji, sk\u0142adaj\u0105cym si\u0119 z dw\u00f3ch do pi\u0119ciu cz\u0142onk\u00f3w i jest wybierana na 5-letni\u0105 kadencj\u0119. Rada wybiera ze swego grona Przewodnicz\u0105cego Rady, kt\u00f3ry kieruje jej pracami. 3. Cz\u0142onk\u00f3w pierwszego sk\u0142adu Rady Fundacji powo\u0142uje Fundator. Nast\u0119pnych cz\u0142onk\u00f3w Rady na miejsce os\u00f3b, kt\u00f3re przesta\u0142y pe\u0142ni\u0107 t\u0119 funkcj\u0119 lub dla rozszerzenia sk\u0142adu Rady, powo\u0142uje sw\u0105 decyzj\u0105 Rada. 4. W przypadku, je\u015bli Fundacja nie posiada statusu organizacji po\u017cytku publicznego, powo\u0142anie Rady nie jest wymagane. W takiej sytuacji, decyzj\u0119 o powo\u0142aniu Rady Fundacji podejmuje Fundator. 5. Cz\u0142onkostwo w Radzie Fundacji ustaje na skutek: a) pisemnej rezygnacji z cz\u0142onkostwa, b) \u015bmierci cz\u0142onka Rady, c) pozbawienia praw publicznych, d) ca\u0142kowitej b\u0105d\u017a cz\u0119\u015bciowej utraty zdolno\u015bci do czynno\u015bci prawnych, e) odwo\u0142ania przez Fundatora. 6. Do zada\u0144 Rady Fundacji nale\u017c\u0105 w szczeg\u00f3lno\u015bci: a) sprawowanie sta\u0142ego nadzoru nad dzia\u0142alno\u015bci\u0105 Fundacji, b) opiniowanie rocznego planu dzia\u0142ania i plan\u00f3w finansowych Fundacji opracowanych przez Zarz\u0105d, c) rozpatrywanie i zatwierdzanie sprawozda\u0144 z dzia\u0142alno\u015bci Zarz\u0105du oraz sprawozda\u0144 finansowych oraz udzielanie absolutorium cz\u0142onkom Zarz\u0105du. 7. Cz\u0142onkami Rady nie mog\u0105 by\u0107 osoby skazane prawomocnym wyrokiem za przest\u0119pstwo umy\u015blne \u015bcigane z oskar\u017cenia publicznego lub przest\u0119pstwa skarbowe. 8. Rada Fundacji podejmuje decyzje na posiedzeniach lub drog\u0105 obiegow\u0105 przy wykorzystaniu \u015brodk\u00f3w elektronicznych, w formie uchwa\u0142 \u2013 zwyk\u0142\u0105 wi\u0119kszo\u015bci\u0105 g\u0142os\u00f3w, w obecno\u015bci co najmniej po\u0142owy cz\u0142onk\u00f3w Rady. 9. Posiedzenie Rady Fundacji zwo\u0142uje Przewodnicz\u0105cy Rady przesy\u0142aj\u0105c informacj\u0119 o terminie poczt\u0105 elektroniczn\u0105, wiadomo\u015bci\u0105 SMS lub w inny skuteczny spos\u00f3b na co najmniej 3 dni przed planowanym terminem posiedzenia. O posiedzeniu musz\u0105 by\u0107 zawiadomieni wszyscy cz\u0142onkowie Rady. 10. Posiedzenia Rady Fundacji odbywaj\u0105 si\u0119 w miar\u0119 potrzeby, nie rzadziej jednak ni\u017c raz na rok. 11. Z posiedzenia Rady Fundacji sporz\u0105dza si\u0119 protok\u00f3\u0142, kt\u00f3ry podpisuj\u0105 wszyscy uczestnicz\u0105cy w posiedzeniu cz\u0142onkowie Rady.<br>Rozdzia\u0142 V<br>Spos\u00f3b reprezentacji<br>\u00a719. W przypadku Zarz\u0105du jednoosobowego, do sk\u0142adania o\u015bwiadcze\u0144 woli w imieniu Fundacji, r\u00f3wnie\u017c w sprawach maj\u0105tkowych, uprawniony jest samodzielnie Prezes Zarz\u0105du. W przypadku Zarz\u0105du wieloosobowego, do sk\u0142adania o\u015bwiadcze\u0144 woli w imieniu Fundacji, r\u00f3wnie\u017c w sprawach maj\u0105tkowych, uprawniony jest samodzielnie Prezes Zarz\u0105du lub Wiceprezes Zarz\u0105du lub dw\u00f3ch innych cz\u0142onk\u00f3w Zarz\u0105du dzia\u0142aj\u0105cych \u0142\u0105cznie i w porozumieniu, z tym, \u017ce jednym z nich winien by\u0107 Prezes Zarz\u0105du lub Wiceprezes Zarz\u0105du.<br>Rozdzia\u0142 VI<br>Zmiana statutu<br>\u00a720. 1. Zmian w statucie Fundacji dokonuje Zarz\u0105d w drodze jednomy\u015blnej uchwa\u0142y z inicjatywy w\u0142asnej lub Fundatora. 2. Zmiany statutu mog\u0105 dotyczy\u0107 cel\u00f3w, dla realizacji kt\u00f3rych Fundacja zosta\u0142a ustanowiona i okre\u015blonych w akcie za\u0142o\u017cycielskim. 3. Zmiana statutu Fundacji wymaga zatwierdzenia przez Fundatora.<br>Rozdzia\u0142 VII<br>Likwidacja fundacji<br>\u00a721. 1. Fundacja ulega likwidacji w razie osi\u0105gni\u0119cia cel\u00f3w, dla kt\u00f3rych zosta\u0142a ustanowiona lub w razie wyczerpania si\u0119 jej \u015brodk\u00f3w finansowych i maj\u0105tku. 2. Decyzj\u0119 o likwidacji podejmuje Zarz\u0105d w drodze jednomy\u015blnej uchwa\u0142y. 3. Je\u017celi Zarz\u0105d w uchwale, o kt\u00f3rej mowa w ust. 2, nie powo\u0142a likwidator\u00f3w, likwidacj\u0119 Fundacji przeprowadza Zarz\u0105d. 4. \u015arodki finansowe i maj\u0105tek pozosta\u0142y po likwidacji Fundacji mog\u0105 zosta\u0107 przekazane na cele po\u017cytku publicznego innym organizacjom po\u017cytku publicznego dzia\u0142aj\u0105cym na terytorium Rzeczpospolitej Polskiej, kt\u00f3rych cele statutowe zbli\u017cone s\u0105 do cel\u00f3w Fundacji.<br>Rozdzia\u0142 VIII<br>Po\u0142\u0105czenie z inn\u0105 fundacj\u0105<br>\u00a722. 1. Fundacja mo\u017ce si\u0119 po\u0142\u0105czy\u0107 z inn\u0105 fundacj\u0105 dla efektywnego realizowania swoich cel\u00f3w. 2. Po\u0142\u0105czenie z inn\u0105 fundacj\u0105 nie mo\u017ce nast\u0105pi\u0107, je\u017celi w jego wyniku m\u00f3g\u0142by ulec istotnej zmianie cel Fundacji. 3. W sprawach po\u0142\u0105czenia z inn\u0105 Fundacj\u0105 w\u0142a\u015bciwy jest Zarz\u0105d, przy czym jego decyzje zapadaj\u0105 w drodze jednomy\u015blnej uchwa\u0142y. 4. Po\u0142\u0105czenie z inn\u0105 Fundacj\u0105 wymaga zatwierdzenia przez Fundatora.<br>Rozdzia\u0142 IX<br>Postanowienia ko\u0144cowe<br>\u00a723. 1. W sprawach nieuregulowanych niniejszym statutem maj\u0105 zastosowanie postanowienia ustawy o fundacjach i ustawy o dzia\u0142alno\u015bci po\u017cytku publicznego i o wolontariacie. 2. Statut wchodzi w \u017cycie z dniem rejestracji w Krajowym Rejestrze S\u0105dowym<br><br><\/p>\n\n\n\n<p><\/p>\n","protected":false},"excerpt":{"rendered":"<p>STATUTFundacja Muzeum Muzyczne w RadomiuRozdzia\u0142 IPostanowienia og\u00f3lne\u00a71. 1. Fundacja pod nazw\u0105 \u201eMuzeum Muzyczne w Radomiu\u201d, zwana dalej \u201eFundacj\u0105\u201d, zosta\u0142a ustanowiona przez Rados\u0142awa Zbigniewa Tomczy\u0144skiego zwan\u0105 dalej \u201eFundatorem\u201d aktem notarialnym REPERTORIUM A NR 2506\/2022 sporz\u0105dzonym przez notariusza Jakuba Dziwa\u0144skiego w dniu 19.05.2022 roku. 2. Fundacja dzia\u0142a na podstawie ustawy z dnia 6 kwietnia 1984 r. (Dz. [&hellip;]<\/p>\n","protected":false},"author":1,"featured_media":0,"parent":0,"menu_order":0,"comment_status":"closed","ping_status":"closed","template":"","meta":{"footnotes":""},"class_list":["post-10","page","type-page","status-publish","hentry"],"_links":{"self":[{"href":"http:\/\/muzeummuzyczne.pl\/index.php?rest_route=\/wp\/v2\/pages\/10","targetHints":{"allow":["GET"]}}],"collection":[{"href":"http:\/\/muzeummuzyczne.pl\/index.php?rest_route=\/wp\/v2\/pages"}],"about":[{"href":"http:\/\/muzeummuzyczne.pl\/index.php?rest_route=\/wp\/v2\/types\/page"}],"author":[{"embeddable":true,"href":"http:\/\/muzeummuzyczne.pl\/index.php?rest_route=\/wp\/v2\/users\/1"}],"replies":[{"embeddable":true,"href":"http:\/\/muzeummuzyczne.pl\/index.php?rest_route=%2Fwp%2Fv2%2Fcomments&post=10"}],"version-history":[{"count":4,"href":"http:\/\/muzeummuzyczne.pl\/index.php?rest_route=\/wp\/v2\/pages\/10\/revisions"}],"predecessor-version":[{"id":45,"href":"http:\/\/muzeummuzyczne.pl\/index.php?rest_route=\/wp\/v2\/pages\/10\/revisions\/45"}],"wp:attachment":[{"href":"http:\/\/muzeummuzyczne.pl\/index.php?rest_route=%2Fwp%2Fv2%2Fmedia&parent=10"}],"curies":[{"name":"wp","href":"https:\/\/api.w.org\/{rel}","templated":true}]}}